{"id":93,"date":"2018-12-12T13:43:01","date_gmt":"2018-12-12T13:43:01","guid":{"rendered":"http:\/\/clapat.ro\/themes\/grenada-wordpress-gutenberg\/?page_id=93"},"modified":"2019-10-01T12:26:13","modified_gmt":"2019-10-01T10:26:13","slug":"about","status":"publish","type":"page","link":"https:\/\/woopwoopstudio.com\/index.php\/about\/","title":{"rendered":""},"content":{"rendered":"\n<h2>\ud83d\udca5\ud83d\udca5\ud83d\udca5\u00a0 Nous sommes Woop Woop un studio graphique color\u00e9 et amusant qui aime l&#8217;\u00e9dition, l&#8217;illustration, la musique la photographie et le motion design ! \ud83d\udca5\ud83d\udca5\ud83d\udca5\u00a0<\/h2>\n\n\n\n<div style=\"height:100px\" aria-hidden=\"true\" class=\"wp-block-spacer\"><\/div>\n\n\n\n<h2>Apr\u00e8s avoir travaill\u00e9 en tant que directrice artistique au sein d\u2019une agence parisienne de communication sp\u00e9cialis\u00e9e dans l\u2019univers du luxe, Elise, bretonne pur beurre, d\u00e9cide de retrouver l\u2019oc\u00e9an. Son univers graphique et sa sensibilit\u00e9 font d\u2019elle une grande alli\u00e9e pour vos futurs projets.<\/h2>\n\n\n\n<div style=\"height:100px\" aria-hidden=\"true\" class=\"wp-block-spacer\"><\/div>\n\n\n\n<h2>D\u00e8s son plus jeune \u00e2ge, Fabien se passionne pour la musique. Synth\u00e9tiseurs en tout genre, c\u2019est en leur compagnie qu\u2019il voyage autour du globe, et choisi de quitter le monde de la promotion immobili\u00e8re \u00e0 son retour. Curieux, investi, et adepte de nouveaux challenges, il devient motion designer. D\u00e8s lors, sa musique et ses animations prennent vie.<\/h2>\n\n\n\n<div style=\"height:100px\" aria-hidden=\"true\" class=\"wp-block-spacer\"><\/div>\n\n\n\n<h2>Woop Woop symbolise le son joyeux du mouvement, d\u2019aller de l\u2019avant. <br><br>\ud83d\ude80\ud83d\ude80\ud83d\ude80<\/h2>\n\n\n\n<div style=\"height:100px\" aria-hidden=\"true\" class=\"wp-block-spacer\"><\/div>\n\n\n\n<div class=\"wp-block-image\"><figure class=\"aligncenter is-resized\"><img loading=\"lazy\" src=\"http:\/\/woopwoopstudio.com\/wp-content\/uploads\/2019\/09\/WOOPWOOP_LOGO_NOIRWEB.gif\" alt=\"\" class=\"wp-image-771\" width=\"1008\" height=\"756\"\/><\/figure><\/div>\n","protected":false},"excerpt":{"rendered":"<p>\ud83d\udca5\ud83d\udca5\ud83d\udca5\u00a0 Nous sommes Woop Woop un studio graphique color\u00e9 et amusant qui aime l&#8217;\u00e9dition, l&#8217;illustration, la musique la photographie et le motion design ! \ud83d\udca5\ud83d\udca5\ud83d\udca5\u00a0 Apr\u00e8s avoir travaill\u00e9 en tant que directrice artistique au sein d\u2019une agence parisienne de communication sp\u00e9cialis\u00e9e dans l\u2019univers du luxe, Elise, bretonne pur beurre, d\u00e9cide de retrouver l\u2019oc\u00e9an. Son univers [&hellip;]<\/p>\n","protected":false},"author":1,"featured_media":0,"parent":0,"menu_order":0,"comment_status":"closed","ping_status":"closed","template":"","meta":[],"yoast_head":"<!-- This site is optimized with the Yoast SEO plugin v15.7 - https:\/\/yoast.com\/wordpress\/plugins\/seo\/ -->\n<title>- Woop Woop Studio - Agence cr\u00e9ative en Bretagne<\/title>\n<meta name=\"robots\" content=\"index, follow, max-snippet:-1, max-image-preview:large, max-video-preview:-1\" \/>\n<link rel=\"canonical\" href=\"https:\/\/woopwoopstudio.com\/index.php\/about\/\" \/>\n<meta property=\"og:locale\" content=\"fr_FR\" \/>\n<meta property=\"og:type\" content=\"article\" \/>\n<meta property=\"og:title\" content=\"- Woop Woop Studio - Agence cr\u00e9ative en Bretagne\" \/>\n<meta property=\"og:description\" content=\"\ud83d\udca5\ud83d\udca5\ud83d\udca5\u00a0 Nous sommes Woop Woop un studio graphique color\u00e9 et amusant qui aime l&#8217;\u00e9dition, l&#8217;illustration, la musique la photographie et le motion design ! \ud83d\udca5\ud83d\udca5\ud83d\udca5\u00a0 Apr\u00e8s avoir travaill\u00e9 en tant que directrice artistique au sein d\u2019une agence parisienne de communication sp\u00e9cialis\u00e9e dans l\u2019univers du luxe, Elise, bretonne pur beurre, d\u00e9cide de retrouver l\u2019oc\u00e9an. Son univers [&hellip;]\" \/>\n<meta property=\"og:url\" content=\"https:\/\/woopwoopstudio.com\/index.php\/about\/\" \/>\n<meta property=\"og:site_name\" content=\"Woop Woop Studio - Agence cr\u00e9ative en Bretagne\" \/>\n<meta property=\"article:modified_time\" content=\"2019-10-01T10:26:13+00:00\" \/>\n<meta property=\"og:image\" content=\"http:\/\/woopwoopstudio.com\/wp-content\/uploads\/2019\/09\/WOOPWOOP_LOGO_NOIRWEB.gif\" \/>\n<meta name=\"twitter:card\" content=\"summary_large_image\" \/>\n<meta name=\"twitter:label1\" content=\"Dur\u00e9e de lecture est.\">\n\t<meta name=\"twitter:data1\" content=\"1 minute\">\n<script type=\"application\/ld+json\" class=\"yoast-schema-graph\">{\"@context\":\"https:\/\/schema.org\",\"@graph\":[{\"@type\":\"WebSite\",\"@id\":\"https:\/\/woopwoopstudio.com\/#website\",\"url\":\"https:\/\/woopwoopstudio.com\/\",\"name\":\"Woop Woop Studio - Agence cr\\u00e9ative en Bretagne\",\"description\":\"Nous sommes WOOP WOOP, un studio graphique color\\u00e9 et amusant bas\\u00e9 en Bretagne. Sp\\u00e9cialis\\u00e9 en direction artistique, motion design et sound design, nous vous accompagnerons pour vos projets digitaux ou \\u00e9ditoriaux !\",\"potentialAction\":[{\"@type\":\"SearchAction\",\"target\":\"https:\/\/woopwoopstudio.com\/?s={search_term_string}\",\"query-input\":\"required name=search_term_string\"}],\"inLanguage\":\"fr-FR\"},{\"@type\":\"ImageObject\",\"@id\":\"https:\/\/woopwoopstudio.com\/index.php\/about\/#primaryimage\",\"inLanguage\":\"fr-FR\",\"url\":\"http:\/\/woopwoopstudio.com\/wp-content\/uploads\/2019\/09\/WOOPWOOP_LOGO_NOIRWEB.gif\"},{\"@type\":\"WebPage\",\"@id\":\"https:\/\/woopwoopstudio.com\/index.php\/about\/#webpage\",\"url\":\"https:\/\/woopwoopstudio.com\/index.php\/about\/\",\"name\":\"- Woop Woop Studio - Agence cr\\u00e9ative en Bretagne\",\"isPartOf\":{\"@id\":\"https:\/\/woopwoopstudio.com\/#website\"},\"primaryImageOfPage\":{\"@id\":\"https:\/\/woopwoopstudio.com\/index.php\/about\/#primaryimage\"},\"datePublished\":\"2018-12-12T13:43:01+00:00\",\"dateModified\":\"2019-10-01T10:26:13+00:00\",\"inLanguage\":\"fr-FR\",\"potentialAction\":[{\"@type\":\"ReadAction\",\"target\":[\"https:\/\/woopwoopstudio.com\/index.php\/about\/\"]}]}]}<\/script>\n<!-- \/ Yoast SEO plugin. -->","_links":{"self":[{"href":"https:\/\/woopwoopstudio.com\/index.php\/wp-json\/wp\/v2\/pages\/93"}],"collection":[{"href":"https:\/\/woopwoopstudio.com\/index.php\/wp-json\/wp\/v2\/pages"}],"about":[{"href":"https:\/\/woopwoopstudio.com\/index.php\/wp-json\/wp\/v2\/types\/page"}],"author":[{"embeddable":true,"href":"https:\/\/woopwoopstudio.com\/index.php\/wp-json\/wp\/v2\/users\/1"}],"replies":[{"embeddable":true,"href":"https:\/\/woopwoopstudio.com\/index.php\/wp-json\/wp\/v2\/comments?post=93"}],"version-history":[{"count":27,"href":"https:\/\/woopwoopstudio.com\/index.php\/wp-json\/wp\/v2\/pages\/93\/revisions"}],"predecessor-version":[{"id":794,"href":"https:\/\/woopwoopstudio.com\/index.php\/wp-json\/wp\/v2\/pages\/93\/revisions\/794"}],"wp:attachment":[{"href":"https:\/\/woopwoopstudio.com\/index.php\/wp-json\/wp\/v2\/media?parent=93"}],"curies":[{"name":"wp","href":"https:\/\/api.w.org\/{rel}","templated":true}]}}